{"id":88,"date":"2016-11-25T15:24:20","date_gmt":"2016-11-25T15:24:20","guid":{"rendered":"http:\/\/www.ecuavit.com\/web\/?page_id=88"},"modified":"2017-07-28T15:14:48","modified_gmt":"2017-07-28T15:14:48","slug":"ecuaform","status":"publish","type":"page","link":"https:\/\/www.ecuavit.com\/web\/ecuaform\/","title":{"rendered":"Ecuaform"},"content":{"rendered":"<h1><span style=\"font-size: 24pt;\">Ecuaform<\/span><\/h1>\n<h2>Vidrio Industrial<\/h2>\n<h3>Vidrio Arquitectonico Curvo Semi-Temperado &amp; Vidrio Arquitectonico Curvo Semi- Temperado Laminado<\/h3>\n<p><a href=\"http:\/\/www.ecuavit.com\/web\/wp-content\/uploads\/2016\/11\/img-582.jpg\"><img loading=\"lazy\" decoding=\"async\" class=\"alignnone wp-image-372\" src=\"http:\/\/www.ecuavit.com\/web\/wp-content\/uploads\/2016\/11\/img-582.jpg\" alt=\"img-582\" width=\"549\" height=\"412\" srcset=\"https:\/\/www.ecuavit.com\/web\/wp-content\/uploads\/2016\/11\/img-582.jpg 600w, https:\/\/www.ecuavit.com\/web\/wp-content\/uploads\/2016\/11\/img-582-300x225.jpg 300w\" sizes=\"auto, (max-width: 549px) 100vw, 549px\" \/><\/a><a href=\"http:\/\/www.ecuavit.com\/web\/wp-content\/uploads\/2016\/11\/lestnica-iz-stekla.png\"><img loading=\"lazy\" decoding=\"async\" class=\"alignnone size-full wp-image-373\" src=\"http:\/\/www.ecuavit.com\/web\/wp-content\/uploads\/2016\/11\/lestnica-iz-stekla.png\" alt=\"lestnica-iz-stekla\" width=\"550\" height=\"350\" srcset=\"https:\/\/www.ecuavit.com\/web\/wp-content\/uploads\/2016\/11\/lestnica-iz-stekla.png 550w, https:\/\/www.ecuavit.com\/web\/wp-content\/uploads\/2016\/11\/lestnica-iz-stekla-300x191.png 300w\" sizes=\"auto, (max-width: 550px) 100vw, 550px\" \/><\/a><\/p>\n<p style=\"text-align: justify;\"><span style=\"color: #008000;\">Tipo de vidrio:<\/span> Vidrio Semi- temperado Curvo<br \/>\n<span style=\"color: #008000;\">Composici\u00f3n:<\/span> Vidrio curvo + PVB + Vidrio curvo<br \/>\n<span style=\"color: #008000;\">Forma:<\/span> Curvo<br \/>\n<span style=\"color: #008000;\">Color de Cristal:<\/span> Claro, Verde, Bronce, Gris, Negro, entre otros.<br \/>\n<span style=\"color: #008000;\">Vidrio Espesor:<\/span> 4mm, 5mm, 6mm, 7mm, 8mm, 9mm, 10mm, 11mm, 12mm, 13mm, 14mm, 15mm, 16mm, 17mm, 19mm<br \/>\n<span style=\"color: #008000;\">PVB Color:<\/span> Industrias Ecuavit ofrece una amplia gama de colores.<\/p>\n<p style=\"text-align: justify;\">El cristal laminado curvo se fabrica al unir dos o m\u00e1s l\u00e1minas de cristal curvo con una o m\u00e1s capas intermedias de polivinilo butyral (PVB) bajo un proceso controlado que incluye calor y alta presi\u00f3n, para unirlos permanentemente.<\/p>\n<h2 style=\"text-align: justify;\"><span style=\"color: #008000;\">Ventajas<\/span><\/h2>\n<p style=\"text-align: justify;\">Cuando se rompe una unidad laminada, las astillas de cristal se mantienen en su lugar minimizando el riesgo de accidentes causados por un cristal roto.<\/p>\n<p style=\"text-align: justify;\">Pueden ser utilizados para proteger personas y productos contra ataques externos que utilicen artefactos como piedras y palos. Los cristales laminados previenen o detienen temporalmente al intruso dependiendo del espesor del PVB, del tipo de cristal y de las caracter\u00edsticas del ataque.<\/p>\n<p style=\"text-align: justify;\">La capa intermedia de PVB provee un grado de control de ruido y utilizando PVB especializado se puede conseguir un mayor aislamiento al ruido.La radiaci\u00f3n UV, que causa el c\u00e1ncer y que las telas de decoloren, se reduce en hasta 97%.<\/p>\n<h2 style=\"text-align: justify;\"><span style=\"color: #008000;\">Aplicaciones<\/span><\/h2>\n<p style=\"text-align: justify;\">Ideal para acristalamiento con pendientes, domos, museos, aeropuertos, prisiones, joyer\u00edas, edificios de gobierno, bancos escuelas, hoteles, barandales y en cualquier aplicaci\u00f3n donde la seguridad sea primordial.<\/p>\n<p>&nbsp;<\/p>\n","protected":false},"excerpt":{"rendered":"<p>Los tratamientos t\u00e9rmicos a los que se somete al vidrio le han convertido en un material d\u00factil que se adapta a las necesidades de los nuevos productos que se incorporan en la industria en general.<\/p>\n","protected":false},"author":1,"featured_media":216,"parent":0,"menu_order":0,"comment_status":"closed","ping_status":"closed","template":"","meta":{"two_page_speed":[],"_joinchat":[],"footnotes":""},"class_list":["post-88","page","type-page","status-publish","has-post-thumbnail","hentry"],"_links":{"self":[{"href":"https:\/\/www.ecuavit.com\/web\/wp-json\/wp\/v2\/pages\/88","targetHints":{"allow":["GET"]}}],"collection":[{"href":"https:\/\/www.ecuavit.com\/web\/wp-json\/wp\/v2\/pages"}],"about":[{"href":"https:\/\/www.ecuavit.com\/web\/wp-json\/wp\/v2\/types\/page"}],"author":[{"embeddable":true,"href":"https:\/\/www.ecuavit.com\/web\/wp-json\/wp\/v2\/users\/1"}],"replies":[{"embeddable":true,"href":"https:\/\/www.ecuavit.com\/web\/wp-json\/wp\/v2\/comments?post=88"}],"version-history":[{"count":15,"href":"https:\/\/www.ecuavit.com\/web\/wp-json\/wp\/v2\/pages\/88\/revisions"}],"predecessor-version":[{"id":443,"href":"https:\/\/www.ecuavit.com\/web\/wp-json\/wp\/v2\/pages\/88\/revisions\/443"}],"wp:featuredmedia":[{"embeddable":true,"href":"https:\/\/www.ecuavit.com\/web\/wp-json\/wp\/v2\/media\/216"}],"wp:attachment":[{"href":"https:\/\/www.ecuavit.com\/web\/wp-json\/wp\/v2\/media?parent=88"}],"curies":[{"name":"wp","href":"https:\/\/api.w.org\/{rel}","templated":true}]}}