{"id":83,"date":"2016-11-25T15:22:46","date_gmt":"2016-11-25T15:22:46","guid":{"rendered":"http:\/\/www.ecuavit.com\/web\/?page_id=83"},"modified":"2017-07-28T15:17:56","modified_gmt":"2017-07-28T15:17:56","slug":"ecuablind","status":"publish","type":"page","link":"https:\/\/www.ecuavit.com\/web\/ecuablind\/","title":{"rendered":"Ecuablind"},"content":{"rendered":"<h1><span style=\"font-size: 24pt;\">Ecuablind<\/span><\/h1>\n<h2>Vidrio Blindado<\/h2>\n<div id=\"volver\">\n<h2><a href=\"http:\/\/www.ecuavit.com\/web\/wp-content\/uploads\/2016\/11\/images1.jpg\"><img loading=\"lazy\" decoding=\"async\" class=\"wp-image-367 alignleft\" src=\"http:\/\/www.ecuavit.com\/web\/wp-content\/uploads\/2016\/11\/images1.jpg\" alt=\"images1\" width=\"668\" height=\"310\" srcset=\"https:\/\/www.ecuavit.com\/web\/wp-content\/uploads\/2016\/11\/images1.jpg 330w, https:\/\/www.ecuavit.com\/web\/wp-content\/uploads\/2016\/11\/images1-300x139.jpg 300w\" sizes=\"auto, (max-width: 668px) 100vw, 668px\" \/><\/a><\/h2>\n<h2 style=\"text-align: justify;\"><\/h2>\n<h2 style=\"text-align: left;\"><\/h2>\n<p><span style=\"color: #3366ff;\">Tipo de vidrio:<\/span> Multicapas<br \/>\n<span style=\"color: #3366ff;\">Composici\u00f3n:<\/span> Vidrio flotado monol\u00edtico + PVB + Vidrio flotado monol\u00edtico + PVB + Vidrio Flotado Monol\u00edtico.<br \/>\n<span style=\"color: #3366ff;\">Forma:<\/span> Plano y Curvo<br \/>\n<span style=\"color: #3366ff;\">Color de Cristal:<\/span> Claro, Verde, Bronce, Gris, Negro, entre otros.<br \/>\n<span style=\"color: #3366ff;\">Vidrio Espesor:<\/span> Desde 20mm en adelante<br \/>\n<span style=\"color: #3366ff;\">PVB Color:<\/span> Industrias Ecuavit ofrece una amplia gama de colores.<\/p>\n<p>Los vidrios blindados se desarrollan a trav\u00e9s de una aleaci\u00f3n de diferentes cristales y metales que se adaptan a la contextura y caracter\u00edsticas f\u00edsicas de los vidrios. \u00c9stos resultan extremadamente fuertes y resistentes a cualquier tipo de elemento que pueda llegar a romperlos.<\/p>\n<h2><span style=\"color: #3366ff;\">Ventajas<\/span><\/h2>\n<p><span style=\"color: #3366ff;\"><br \/>\n<\/span>M\u00e1xima seguridad antirrobo<br \/>\nAlta resistencia a la penetraci\u00f3n<br \/>\nProtecci\u00f3n antibala<br \/>\nGran transparencia<br \/>\nEvita el uso de rejas<br \/>\nMenor peso y menor espesor que un laminado convencional<br \/>\nEnsayado bal\u00edsticamente seg\u00fan normas<br \/>\nCumple con la normativa legal<\/p>\n<h2><span style=\"color: #3366ff;\">Aplicaciones<\/span><\/h2>\n<p>Ventanillas de bancos, Edificios gubernamentales, Instalaciones militares Instituciones penitenciarias, Negocios varios, Hogares, Veh\u00edculos, Camiones blindados, Transportes de valores, Varios.<\/p>\n<\/div>\n","protected":false},"excerpt":{"rendered":"<p>Est\u00e1 compuesto por varias hojas de vidrio, unidos estructuralmente por l\u00e1minas de Polivinil Butiral (PVB), las que poseen notables propiedades de adherencia, elasticidad y resistencia a la penetraci\u00f3n.<\/p>\n","protected":false},"author":1,"featured_media":215,"parent":0,"menu_order":0,"comment_status":"closed","ping_status":"closed","template":"","meta":{"two_page_speed":[],"_joinchat":[],"footnotes":""},"class_list":["post-83","page","type-page","status-publish","has-post-thumbnail","hentry"],"_links":{"self":[{"href":"https:\/\/www.ecuavit.com\/web\/wp-json\/wp\/v2\/pages\/83","targetHints":{"allow":["GET"]}}],"collection":[{"href":"https:\/\/www.ecuavit.com\/web\/wp-json\/wp\/v2\/pages"}],"about":[{"href":"https:\/\/www.ecuavit.com\/web\/wp-json\/wp\/v2\/types\/page"}],"author":[{"embeddable":true,"href":"https:\/\/www.ecuavit.com\/web\/wp-json\/wp\/v2\/users\/1"}],"replies":[{"embeddable":true,"href":"https:\/\/www.ecuavit.com\/web\/wp-json\/wp\/v2\/comments?post=83"}],"version-history":[{"count":23,"href":"https:\/\/www.ecuavit.com\/web\/wp-json\/wp\/v2\/pages\/83\/revisions"}],"predecessor-version":[{"id":506,"href":"https:\/\/www.ecuavit.com\/web\/wp-json\/wp\/v2\/pages\/83\/revisions\/506"}],"wp:featuredmedia":[{"embeddable":true,"href":"https:\/\/www.ecuavit.com\/web\/wp-json\/wp\/v2\/media\/215"}],"wp:attachment":[{"href":"https:\/\/www.ecuavit.com\/web\/wp-json\/wp\/v2\/media?parent=83"}],"curies":[{"name":"wp","href":"https:\/\/api.w.org\/{rel}","templated":true}]}}