{"id":6,"date":"2016-10-13T16:27:55","date_gmt":"2016-10-13T16:27:55","guid":{"rendered":"http:\/\/www.ecuavit.com\/web\/?page_id=6"},"modified":"2017-07-27T21:21:36","modified_gmt":"2017-07-27T21:21:36","slug":"productos","status":"publish","type":"page","link":"https:\/\/www.ecuavit.com\/web\/productos\/","title":{"rendered":"Productos"},"content":{"rendered":"<section class=\"home-section home-page-secion-three\">\n<div class=\"container\">\n<div class=\"col-md-12\">\n<div id=\"meris_home_title-3\" class=\"widget home_widget_title\">\n<div class=\"title-wrapper\">\n<h2 class=\"module-title\">Productos<\/h2>\n<\/div>\n<\/div>\n<div id=\"meris_home_portfolio_block-4\" class=\"widget home_widget_portfolio\">\n<div class=\"col-sm-6 col-md-3\">\n<div class=\"portfolio-box text-center\">\n<p><a href=\"http:\/\/www.ecuavit.com\/web\/obras\/\"><img loading=\"lazy\" decoding=\"async\" class=\"attachment-portfolio size-portfolio wp-post-image\" src=\"http:\/\/www.ecuavit.com\/web\/wp-content\/uploads\/2017\/04\/service-img3-370x83.jpg\" sizes=\"auto, (max-width: 370px) 100vw, 370px\" srcset=\"http:\/\/www.ecuavit.com\/web\/wp-content\/uploads\/2017\/04\/service-img3-370x83.jpg 370w, http:\/\/www.ecuavit.com\/web\/wp-content\/uploads\/2017\/04\/service-img3-370x83-150x150.jpg 150w, http:\/\/www.ecuavit.com\/web\/wp-content\/uploads\/2017\/04\/service-img3-370x83-300x300.jpg 300w\" alt=\"service-img3-370x83\" width=\"370\" height=\"370\" \/><\/a><\/p>\n<h2><a href=\"http:\/\/www.ecuavit.com\/web\/obras\/\">Ecualamin<\/a><\/h2>\n<p>Transforma el vidrio flotado por medio de procesos de alto desempe\u00f1o en cristal de seguridad, decorativos o de control solar, para aplicaciones que incluyen desde grandes obras hasta uso residencial.<\/p>\n<p><a class=\"boton_blanco\" href=\"http:\/\/www.ecuavit.com\/web\/obras\/\">Leer m\u00e1s<\/a><\/p>\n<\/div>\n<\/div>\n<div class=\"col-sm-6 col-md-3\">\n<div class=\"portfolio-box text-center\">\n<p><a href=\"http:\/\/www.ecuavit.com\/web\/ecuablind\/\"><img loading=\"lazy\" decoding=\"async\" class=\"attachment-portfolio size-portfolio wp-post-image\" src=\"http:\/\/www.ecuavit.com\/web\/wp-content\/uploads\/2017\/04\/service-img1-370x83.jpg\" sizes=\"auto, (max-width: 370px) 100vw, 370px\" srcset=\"http:\/\/www.ecuavit.com\/web\/wp-content\/uploads\/2017\/04\/service-img1-370x83.jpg 370w, http:\/\/www.ecuavit.com\/web\/wp-content\/uploads\/2017\/04\/service-img1-370x83-150x150.jpg 150w, http:\/\/www.ecuavit.com\/web\/wp-content\/uploads\/2017\/04\/service-img1-370x83-300x300.jpg 300w\" alt=\"service-img1-370x83\" width=\"370\" height=\"370\" \/><\/a><\/p>\n<h2><a href=\"http:\/\/www.ecuavit.com\/web\/ecuablind\/\">Ecuablind<\/a><\/h2>\n<p>Est\u00e1 compuesto por varias hojas de vidrio, unidos estructuralmente por l\u00e1minas de Polivinil Butiral (PVB), las que poseen notables propiedades de adherencia, elasticidad y resistencia a la penetraci\u00f3n.<\/p>\n<p><a class=\"boton_blanco\" href=\"http:\/\/www.ecuavit.com\/web\/ecuablind\/\">Leer m\u00e1s<\/a><\/p>\n<\/div>\n<\/div>\n<div class=\"col-sm-6 col-md-3\">\n<div class=\"portfolio-box text-center\">\n<p><a href=\"http:\/\/www.ecuavit.com\/web\/ecuaform\/\"><img loading=\"lazy\" decoding=\"async\" class=\"attachment-portfolio size-portfolio wp-post-image\" src=\"http:\/\/www.ecuavit.com\/web\/wp-content\/uploads\/2017\/04\/service-img4-370x83.jpg\" sizes=\"auto, (max-width: 370px) 100vw, 370px\" srcset=\"http:\/\/www.ecuavit.com\/web\/wp-content\/uploads\/2017\/04\/service-img4-370x83.jpg 370w, http:\/\/www.ecuavit.com\/web\/wp-content\/uploads\/2017\/04\/service-img4-370x83-150x150.jpg 150w, http:\/\/www.ecuavit.com\/web\/wp-content\/uploads\/2017\/04\/service-img4-370x83-300x300.jpg 300w\" alt=\"service-img4-370x83\" width=\"370\" height=\"370\" \/><\/a><\/p>\n<h2><a href=\"http:\/\/www.ecuavit.com\/web\/ecuaform\/\">Ecuaform<\/a><\/h2>\n<p>Los tratamientos t\u00e9rmicos a los que se somete al vidrio le han convertido en un material d\u00factil que se adapta a las necesidades de los nuevos productos que se incorporan en la industria en general.<\/p>\n<p><a class=\"boton_blanco\" href=\"http:\/\/www.ecuavit.com\/web\/ecuaform\/\">Leer m\u00e1s<\/a><\/p>\n<\/div>\n<\/div>\n<div class=\"col-sm-6 col-md-3\">\n<div class=\"portfolio-box text-center\">\n<p><a href=\"http:\/\/www.ecuavit.com\/web\/ecuamotriz\/\"><img loading=\"lazy\" decoding=\"async\" class=\"attachment-portfolio size-portfolio wp-post-image\" src=\"http:\/\/www.ecuavit.com\/web\/wp-content\/uploads\/2017\/04\/service-img2-370x83.jpg\" sizes=\"auto, (max-width: 370px) 100vw, 370px\" srcset=\"http:\/\/www.ecuavit.com\/web\/wp-content\/uploads\/2017\/04\/service-img2-370x83.jpg 370w, http:\/\/www.ecuavit.com\/web\/wp-content\/uploads\/2017\/04\/service-img2-370x83-150x150.jpg 150w, http:\/\/www.ecuavit.com\/web\/wp-content\/uploads\/2017\/04\/service-img2-370x83-300x300.jpg 300w\" alt=\"service-img2-370x83\" width=\"370\" height=\"370\" \/><\/a><\/p>\n<h2><a href=\"http:\/\/www.ecuavit.com\/web\/ecuamotriz\/\">Ecuamotriz<\/a><\/h2>\n<p>Los parabrisas de vidrio laminado constan de dos hojas de vidrio con una pel\u00edcula de Polivinil Butiral (PVB) de seguridad que mediante un proceso de alta temperatura forma una estructura integral.<\/p>\n<p><a class=\"boton_blanco\" href=\"http:\/\/www.ecuavit.com\/web\/ecuamotriz\/\">Leer m\u00e1s<\/a><\/p>\n<\/div>\n<\/div>\n<\/div>\n<\/div>\n<div class=\"clear\"><\/div>\n<\/div>\n<\/section>\n","protected":false},"excerpt":{"rendered":"<p>Productos Ecualamin Transforma el vidrio flotado por medio de procesos de alto desempe\u00f1o en cristal de seguridad, decorativos o de control solar, para aplicaciones que incluyen desde grandes obras hasta uso residencial. Leer m\u00e1s Ecuablind Est\u00e1 compuesto por varias hojas de vidrio, unidos estructuralmente por l\u00e1minas de Polivinil Butiral (PVB), las que poseen notables propiedades [&hellip;]<\/p>\n","protected":false},"author":1,"featured_media":0,"parent":0,"menu_order":0,"comment_status":"closed","ping_status":"closed","template":"","meta":{"two_page_speed":[],"_joinchat":[],"footnotes":""},"class_list":["post-6","page","type-page","status-publish","hentry"],"_links":{"self":[{"href":"https:\/\/www.ecuavit.com\/web\/wp-json\/wp\/v2\/pages\/6","targetHints":{"allow":["GET"]}}],"collection":[{"href":"https:\/\/www.ecuavit.com\/web\/wp-json\/wp\/v2\/pages"}],"about":[{"href":"https:\/\/www.ecuavit.com\/web\/wp-json\/wp\/v2\/types\/page"}],"author":[{"embeddable":true,"href":"https:\/\/www.ecuavit.com\/web\/wp-json\/wp\/v2\/users\/1"}],"replies":[{"embeddable":true,"href":"https:\/\/www.ecuavit.com\/web\/wp-json\/wp\/v2\/comments?post=6"}],"version-history":[{"count":3,"href":"https:\/\/www.ecuavit.com\/web\/wp-json\/wp\/v2\/pages\/6\/revisions"}],"predecessor-version":[{"id":413,"href":"https:\/\/www.ecuavit.com\/web\/wp-json\/wp\/v2\/pages\/6\/revisions\/413"}],"wp:attachment":[{"href":"https:\/\/www.ecuavit.com\/web\/wp-json\/wp\/v2\/media?parent=6"}],"curies":[{"name":"wp","href":"https:\/\/api.w.org\/{rel}","templated":true}]}}