{"id":423,"date":"2017-07-27T22:19:49","date_gmt":"2017-07-27T22:19:49","guid":{"rendered":"http:\/\/www.ecuavit.com\/web\/?page_id=423"},"modified":"2017-07-31T23:30:12","modified_gmt":"2017-07-31T23:30:12","slug":"vidrio-termo-acustico","status":"publish","type":"page","link":"https:\/\/www.ecuavit.com\/web\/vidrio-termo-acustico\/","title":{"rendered":"Termo Ac\u00fastico"},"content":{"rendered":"<h1><strong>Vidrio Termo Ac\u00fastico<\/strong><\/h1>\n<h1><strong><a href=\"http:\/\/www.ecuavit.com\/web\/wp-content\/uploads\/2016\/10\/file_image.jpg\"><img loading=\"lazy\" decoding=\"async\" class=\"alignnone size-full wp-image-388\" src=\"http:\/\/www.ecuavit.com\/web\/wp-content\/uploads\/2016\/10\/file_image.jpg\" sizes=\"auto, (max-width: 485px) 100vw, 485px\" srcset=\"http:\/\/www.ecuavit.com\/web\/wp-content\/uploads\/2016\/10\/file_image.jpg 485w, http:\/\/www.ecuavit.com\/web\/wp-content\/uploads\/2016\/10\/file_image-121x300.jpg 121w, http:\/\/www.ecuavit.com\/web\/wp-content\/uploads\/2016\/10\/file_image-414x1024.jpg 414w\" alt=\"file_image\" width=\"485\" height=\"1200\" \/><\/a><\/strong><\/h1>\n<p><strong>\u00a0<\/strong><\/p>\n<p><span style=\"color: #ffaa00;\">Tipo de vidrio:<\/span> Vidrio de aislamiento ac\u00fastico<br \/>\n<span style=\"color: #ffaa00;\">Composici\u00f3n:<\/span> Vidrio flotado monol\u00edtico\/ Vidrio laminado de seguridad + Separador ac\u00fastico + Vidrio flotado monol\u00edtico\/ Vidrio laminado de seguridad<br \/>\n<span style=\"color: #ffaa00;\">Forma:<\/span> Plano y Curvo<br \/>\n<span style=\"color: #ffaa00;\">Color de Cristal:<\/span> Claro, Verde, Bronce, Gris, Negro, Translucido, entre otros.<br \/>\n<span style=\"color: #ffaa00;\">Vidrio Espesor:<\/span> 4mm,\u00a06mm, 8mm, 10mm, 12mm y 16mm<br \/>\n<span style=\"color: #ffaa00;\">Medida:<\/span> 2600mm x 3660mm<br \/>\n<span style=\"color: #ffaa00;\">PVB Color:<\/span> Industrias Ecuavit ofrece una amplia gama de colores.<\/p>\n<p><span style=\"color: #ffaa00;\">Caracter\u00edsticas:<\/span> Vidrio termo ac\u00fastico o vidrio aislante, consiste en unir dos o m\u00e1s vidrios mediante un perfil separador relleno con desecante y adherido a estos por un sellamiento perimetral que se aplica en caliente. El resultado es un producto que da un excelente aislamiento t\u00e9rmico y ac\u00fastico, lo que permite reducir los niveles de ruido y los consumos energ\u00e9ticos de calefacci\u00f3n o aire acondicionado.<br \/>\nEl control del ruido y temperatura en un recinto significan mayor tranquilidad y confort para sus habitantes.<\/p>\n<p><span style=\"color: #ffaa00;\">Ventajas:<\/span><br \/>\nAhorro de energ\u00eda<br \/>\nMejora el ambiente interior<br \/>\nTemperatura constante<\/p>\n<p><span style=\"color: #ffaa00;\">Aplicaciones:<\/span> Se recomienda su aplicaci\u00f3n es edificios, residencias, hoteles, escuelas, hospitales que requieran de calefacci\u00f3n, aire acondicionado, ruido o protecci\u00f3n de luz solar directa. Tambi\u00e9n pueden ser usados en trenes, ventana, puertas y ventanas.<\/p>\n","protected":false},"excerpt":{"rendered":"<p>Vidrio Termo Ac\u00fastico \u00a0 Tipo de vidrio: Vidrio de aislamiento ac\u00fastico Composici\u00f3n: Vidrio flotado monol\u00edtico\/ Vidrio laminado de seguridad + Separador ac\u00fastico + Vidrio flotado monol\u00edtico\/ Vidrio laminado de seguridad Forma: Plano y Curvo Color de Cristal: Claro, Verde, Bronce, Gris, Negro, Translucido, entre otros. Vidrio Espesor: 4mm,\u00a06mm, 8mm, 10mm, 12mm y 16mm Medida: 2600mm [&hellip;]<\/p>\n","protected":false},"author":1,"featured_media":0,"parent":0,"menu_order":0,"comment_status":"closed","ping_status":"closed","template":"","meta":{"two_page_speed":[],"_joinchat":[],"footnotes":""},"class_list":["post-423","page","type-page","status-publish","hentry"],"_links":{"self":[{"href":"https:\/\/www.ecuavit.com\/web\/wp-json\/wp\/v2\/pages\/423","targetHints":{"allow":["GET"]}}],"collection":[{"href":"https:\/\/www.ecuavit.com\/web\/wp-json\/wp\/v2\/pages"}],"about":[{"href":"https:\/\/www.ecuavit.com\/web\/wp-json\/wp\/v2\/types\/page"}],"author":[{"embeddable":true,"href":"https:\/\/www.ecuavit.com\/web\/wp-json\/wp\/v2\/users\/1"}],"replies":[{"embeddable":true,"href":"https:\/\/www.ecuavit.com\/web\/wp-json\/wp\/v2\/comments?post=423"}],"version-history":[{"count":9,"href":"https:\/\/www.ecuavit.com\/web\/wp-json\/wp\/v2\/pages\/423\/revisions"}],"predecessor-version":[{"id":467,"href":"https:\/\/www.ecuavit.com\/web\/wp-json\/wp\/v2\/pages\/423\/revisions\/467"}],"wp:attachment":[{"href":"https:\/\/www.ecuavit.com\/web\/wp-json\/wp\/v2\/media?parent=423"}],"curies":[{"name":"wp","href":"https:\/\/api.w.org\/{rel}","templated":true}]}}