{"id":419,"date":"2017-07-27T22:18:17","date_gmt":"2017-07-27T22:18:17","guid":{"rendered":"http:\/\/www.ecuavit.com\/web\/?page_id=419"},"modified":"2017-07-31T23:32:28","modified_gmt":"2017-07-31T23:32:28","slug":"vidrio-templado-laminado","status":"publish","type":"page","link":"https:\/\/www.ecuavit.com\/web\/vidrio-templado-laminado\/","title":{"rendered":"Templado Laminado"},"content":{"rendered":"<h1><strong>Vidrio Templado Laminado \u00a0 \u00a0 \u00a0 \u00a0 \u00a0 \u00a0 \u00a0 \u00a0 \u00a0 \u00a0 \u00a0 \u00a0 \u00a0 \u00a0\u00a0<a href=\"http:\/\/www.ecuavit.com\/web\/wp-content\/uploads\/2016\/10\/images.jpg\"><img loading=\"lazy\" decoding=\"async\" class=\"alignnone size-full wp-image-384\" src=\"http:\/\/www.ecuavit.com\/web\/wp-content\/uploads\/2016\/10\/images.jpg\" alt=\"images\" width=\"280\" height=\"180\" \/><\/a><\/strong><\/h1>\n<p><span style=\"color: #ffaa00;\">Tipo de vidrio:<\/span> Vidrio Templado Laminado con PVB<br \/>\n<span style=\"color: #ffaa00;\">Composici\u00f3n:<\/span> Vidrio flotado monol\u00edtico templado + PVB + Vidrio flotado monol\u00edtico templado.<br \/>\n<span style=\"color: #ffaa00;\">Forma:<\/span> Plano y Curvo<br \/>\n<span style=\"color: #ffaa00;\">Color de Cristal:<\/span> Claro, Verde, Bronce, Gris, Negro, Translucido, entre otros.<br \/>\n<span style=\"color: #ffaa00;\">Vidrio Espesor:<\/span> 4mm,\u00a06mm, 8mm, 10mm, 12mm y 16mm<br \/>\n<span style=\"color: #ffaa00;\">Medida:<\/span> 2600mm x 3660mm<br \/>\n<span style=\"color: #ffaa00;\">PVB Color:<\/span> Industrias Ecuavit ofrece una amplia gama de colores.<br \/>\n<span style=\"color: #ffaa00;\">Ventajas:<\/span><\/p>\n<p><strong>Seguridad.-<\/strong> El vidrio laminado y templado brinda mayor seguridad al humano. En caso de rotura, se caracteriza por una fragmentaci\u00f3n en trozos peque\u00f1os no cortantes, garantizando la mayor seguridad del humano.<br \/>\n<strong>Prueba de Sonidos.-<\/strong> Sound Control se emplea en numerosas aplicaciones de acristalamiento m\u00faltiple y combina una excelente protecci\u00f3n Ac\u00fastica con las ventajas de las l\u00e1minas de PVB.<br \/>\n<strong>UV rayos de reducci\u00f3n: <\/strong>Industria Ecuavit ofrece l\u00e1minas con m\u00e1xima transmisi\u00f3n UV para el sector arquitect\u00f3nico. La l\u00e1mina de PVB bloquea hasta el 100% de la luz ultravioleta. La fuerte radicaci\u00f3n UV resulta especialmente perjudicial para la piel humana, pero tambi\u00e9n para pl\u00e1sticos, pigmentos de color y lacas. Esta l\u00e1mina se recomienda sobre todo para proteger a toda costa bienes culturales importantes en museos, materiales con colores sensibles o a la piel humana.<br \/>\n<strong>Ahorro:<\/strong> Vidrio templado laminado puede reducir la transmisi\u00f3n de la luz del sol, as\u00ed puede reducir el consumo de energ\u00eda por el equipo tales como aire acondicionado.<\/p>\n<p><span style=\"color: #ffaa00;\">Aplicaciones:<\/span> Se recomienda su aplicaci\u00f3n en: Fachadas, Cubiertas, Pasamanos,Domos, Tragaluces, Ventanas, Mamparas, Divisi\u00f3n de ambientes, Puertas, Pisos,Gradas y toda aquella \u00e1rea en donde se requiera un margen amplio de seguridad.<\/p>\n","protected":false},"excerpt":{"rendered":"<p>Vidrio Templado Laminado \u00a0 \u00a0 \u00a0 \u00a0 \u00a0 \u00a0 \u00a0 \u00a0 \u00a0 \u00a0 \u00a0 \u00a0 \u00a0 \u00a0\u00a0 Tipo de vidrio: Vidrio Templado Laminado con PVB Composici\u00f3n: Vidrio flotado monol\u00edtico templado + PVB + Vidrio flotado monol\u00edtico templado. Forma: Plano y Curvo Color de Cristal: Claro, Verde, Bronce, Gris, Negro, Translucido, entre otros. Vidrio Espesor: 4mm,\u00a06mm, [&hellip;]<\/p>\n","protected":false},"author":1,"featured_media":0,"parent":0,"menu_order":0,"comment_status":"closed","ping_status":"closed","template":"","meta":{"two_page_speed":[],"_joinchat":[],"footnotes":""},"class_list":["post-419","page","type-page","status-publish","hentry"],"_links":{"self":[{"href":"https:\/\/www.ecuavit.com\/web\/wp-json\/wp\/v2\/pages\/419","targetHints":{"allow":["GET"]}}],"collection":[{"href":"https:\/\/www.ecuavit.com\/web\/wp-json\/wp\/v2\/pages"}],"about":[{"href":"https:\/\/www.ecuavit.com\/web\/wp-json\/wp\/v2\/types\/page"}],"author":[{"embeddable":true,"href":"https:\/\/www.ecuavit.com\/web\/wp-json\/wp\/v2\/users\/1"}],"replies":[{"embeddable":true,"href":"https:\/\/www.ecuavit.com\/web\/wp-json\/wp\/v2\/comments?post=419"}],"version-history":[{"count":7,"href":"https:\/\/www.ecuavit.com\/web\/wp-json\/wp\/v2\/pages\/419\/revisions"}],"predecessor-version":[{"id":469,"href":"https:\/\/www.ecuavit.com\/web\/wp-json\/wp\/v2\/pages\/419\/revisions\/469"}],"wp:attachment":[{"href":"https:\/\/www.ecuavit.com\/web\/wp-json\/wp\/v2\/media?parent=419"}],"curies":[{"name":"wp","href":"https:\/\/api.w.org\/{rel}","templated":true}]}}