{"id":293,"date":"2017-06-27T06:22:14","date_gmt":"2017-06-27T06:22:14","guid":{"rendered":"http:\/\/www.ecuavit.com\/web\/?page_id=293"},"modified":"2017-08-02T16:11:21","modified_gmt":"2017-08-02T16:11:21","slug":"vidrio-laminado-o-de-seguridad","status":"publish","type":"page","link":"https:\/\/www.ecuavit.com\/web\/vidrio-laminado-o-de-seguridad\/","title":{"rendered":"Vidrio laminado o de seguridad"},"content":{"rendered":"<p><a href=\"http:\/\/www.ecuavit.com\/web\/wp-content\/uploads\/2017\/06\/pasteur2.jpg\"><img loading=\"lazy\" decoding=\"async\" class=\"alignnone wp-image-281\" src=\"http:\/\/www.ecuavit.com\/web\/wp-content\/uploads\/2017\/06\/pasteur2.jpg\" alt=\"pasteur2\" width=\"493\" height=\"493\" srcset=\"https:\/\/www.ecuavit.com\/web\/wp-content\/uploads\/2017\/06\/pasteur2.jpg 800w, https:\/\/www.ecuavit.com\/web\/wp-content\/uploads\/2017\/06\/pasteur2-150x150.jpg 150w, https:\/\/www.ecuavit.com\/web\/wp-content\/uploads\/2017\/06\/pasteur2-300x300.jpg 300w, https:\/\/www.ecuavit.com\/web\/wp-content\/uploads\/2017\/06\/pasteur2-768x768.jpg 768w\" sizes=\"auto, (max-width: 493px) 100vw, 493px\" \/><\/a><\/p>\n<p>Vidrios laminados, de seguridad, templados, bajo emisivos\u2026 \u00a1Qu\u00e9 dif\u00edcil resulta a veces tomar una decisi\u00f3n! Y es que si debes elegir tus futuras ventanas o simplemente est\u00e1s pensando en cambiarlas, tendr\u00e1s que decantarte por alguno de ellos.<\/p>\n<p>El vidrio laminado consiste en la uni\u00f3n de dos o m\u00e1s vidrios (l\u00e1minas) a trav\u00e9s de la utilizaci\u00f3n de un pegamento especial llamado\u00a0<strong>polivinil butiral o<\/strong>\u00a0<strong>PVB<\/strong>, un material pl\u00e1stico con excelentes cualidades de adherencia, elasticidad, transparencia y resistencia. Con esto se dota a la ventana de una mejora en el<strong>\u00a0<a href=\"http:\/\/www.viviendasaludable.es\/vivienda-confortable\/aislamiento-acustico\/\">aislamiento ac\u00fastico<\/a><\/strong>\u00a0y tambi\u00e9n en la<strong>\u00a0<\/strong><a href=\"http:\/\/www.viviendasaludable.es\/afondo\/sistemas-de-seguridad\/\"><strong>seguridad<\/strong><\/a>. Esto \u00faltimo es debido a que si por cualquier motivo se rompe el vidrio, los trozos de cristal no se caen y quedan esparcidos por el suelo, sino que contin\u00faan pegados al resistente pegamento PVB (como ocurre con las lunas de los coches).\u00a0De esta forma se\u00a0aporta protecci\u00f3n frente a a posibles intrusos\u00a0en\u00a0nuestra vivienda y tambi\u00e9n se previenen accidentes dom\u00e9sticos, pues no hay riesgo de cortarse o de clavarse un trozo de cristal.<\/p>\n<p>Aunque es uno de los vidrios, en concreto el\u00a0m\u00e1s utilizado, en lo que a\u00a0seguridad se refiere (pues es conocido por casi todos para hacer referencia a los vidrios de seguridad), no es este el \u00fanico que puedes encontrar para cumplir este objetivo. Por ejemplo, otro de los que m\u00e1s se usan\u00a0para conseguir seguridad es el<strong>\u00a0<a href=\"http:\/\/es.wikipedia.org\/wiki\/Vidrio_templado\">vidrio templado<\/a><\/strong>. E, incluso se suele optar por combinarlos, poniendo un vidrio templado con un vidrio laminar para\u00a0mejorar a\u00fan m\u00e1s sus propiedades.<\/p>\n<p>Principales caracter\u00edsticas del vidrio laminado<\/p>\n<ul>\n<li><strong>Resistencia a la penetraci\u00f3n,<\/strong>\u00a0debido a la l\u00e1mina de burital. \u00c9sta es sin duda su caracter\u00edstica m\u00e1s destacable, de ah\u00ed que se recomiende su instalaci\u00f3n para usos con especiales exigencias de seguridad y protecci\u00f3n de personas y bienes.<\/li>\n<li><strong>Fragmentaci\u00f3n<\/strong>, un plus, tal como mencionamos anteriormente ya que, en caso de rotura, los fragmentos quedan adheridos al pegamento.<\/li>\n<\/ul>\n<ul>\n<li><strong>Aislamiento ac\u00fastico<\/strong>: tambi\u00e9n lo hemos\u00a0comentado antes. Y\u00a0es que este tipo de vidrios mejoran la atenuaci\u00f3n ac\u00fastica de la vivienda gracias a su composici\u00f3n, logrando una mayor confortabilidad para tu casa y desterrando\u00a0definitivamente los ruidos.<\/li>\n<li><strong>Resistencia a los golpes<\/strong>,\u00a0gracias a\u00a0la elasticidad del pegamento PVB, con lo que se consigue una mayor protecci\u00f3n ante impactos. La justificaci\u00f3n es que ante un golpe sobre el vidrio laminado, el PVB absorbe la energ\u00eda del impacto y gracias a su elasticidad se mantiene la adherencia al cristal.<\/li>\n<li><strong>Transparencia y durabilidad<\/strong>.\u00a0La composici\u00f3n que incluye la pel\u00edcula de PVB no altera\u00a0cualidades del vidrio, como son la transparencia o la durabilidad (que en este caso, adem\u00e1s, se ve aumentada).<\/li>\n<li><strong>Control solar.<\/strong>\u00a0Este tipo de vidrio no es incompatible con la protecci\u00f3n de la radiaci\u00f3n ultravioleta. Se le puede a\u00f1adir esta propiedad para filtrar los rayos UV, eso s\u00ed, el coste aumentar\u00e1.<\/li>\n<li><strong>Color:<\/strong>\u00a0Hay m\u00faltiples posibilidades para poder poner el vidrio de\u00a0color, pues las l\u00e1minas pueden ser transparentes, translucidas, opacas\u2026\u00a0y tambi\u00e9n con colores. Echa un vistazo a las diferentes marcas.<\/li>\n<\/ul>\n<p>Y un \u00faltimo\u00a0dato a tener en cuenta, sobre todo para cuando te acerques a informarte, \u00a0es que la composici\u00f3n de estos vidrios se representa como una suma del grosor de los vidrios (l\u00e1minas) que a su vez los componen.<\/p>\n<blockquote data-secret=\"gE9WfXrJRX\" class=\"wp-embedded-content\"><p><a href=\"\/reformas-bricolaje\/cerramientos\/vidrio-laminado-o-de-seguridad\">Vidrio laminado o de seguridad<\/a><\/p><\/blockquote>\n<p><iframe loading=\"lazy\" class=\"wp-embedded-content\" sandbox=\"allow-scripts\" security=\"restricted\" style=\"position: absolute; clip: rect(1px, 1px, 1px, 1px);\" src=\"\/reformas-bricolaje\/cerramientos\/vidrio-laminado-o-de-seguridad\/embed#?secret=gE9WfXrJRX\" data-secret=\"gE9WfXrJRX\" width=\"600\" height=\"338\" title=\"&#8220;Vidrio laminado o de seguridad&#8221; &#8212; Vivienda Saludable: el portal que cuida de tu hogar\" frameborder=\"0\" marginwidth=\"0\" marginheight=\"0\" scrolling=\"no\"><\/iframe><\/p>\n<p>&nbsp;<\/p>\n","protected":false},"excerpt":{"rendered":"<p>Vidrios laminados, de seguridad, templados, bajo emisivos\u2026 \u00a1Qu\u00e9 dif\u00edcil resulta a veces tomar una decisi\u00f3n! Y es que si debes elegir tus futuras ventanas o simplemente est\u00e1s pensando en cambiarlas, tendr\u00e1s que decantarte por alguno de ellos. El vidrio laminado consiste en la uni\u00f3n de dos o m\u00e1s vidrios (l\u00e1minas) a trav\u00e9s de la utilizaci\u00f3n [&hellip;]<\/p>\n","protected":false},"author":1,"featured_media":281,"parent":0,"menu_order":0,"comment_status":"closed","ping_status":"closed","template":"","meta":{"two_page_speed":[],"_joinchat":[],"footnotes":""},"class_list":["post-293","page","type-page","status-publish","has-post-thumbnail","hentry"],"_links":{"self":[{"href":"https:\/\/www.ecuavit.com\/web\/wp-json\/wp\/v2\/pages\/293","targetHints":{"allow":["GET"]}}],"collection":[{"href":"https:\/\/www.ecuavit.com\/web\/wp-json\/wp\/v2\/pages"}],"about":[{"href":"https:\/\/www.ecuavit.com\/web\/wp-json\/wp\/v2\/types\/page"}],"author":[{"embeddable":true,"href":"https:\/\/www.ecuavit.com\/web\/wp-json\/wp\/v2\/users\/1"}],"replies":[{"embeddable":true,"href":"https:\/\/www.ecuavit.com\/web\/wp-json\/wp\/v2\/comments?post=293"}],"version-history":[{"count":6,"href":"https:\/\/www.ecuavit.com\/web\/wp-json\/wp\/v2\/pages\/293\/revisions"}],"predecessor-version":[{"id":483,"href":"https:\/\/www.ecuavit.com\/web\/wp-json\/wp\/v2\/pages\/293\/revisions\/483"}],"wp:featuredmedia":[{"embeddable":true,"href":"https:\/\/www.ecuavit.com\/web\/wp-json\/wp\/v2\/media\/281"}],"wp:attachment":[{"href":"https:\/\/www.ecuavit.com\/web\/wp-json\/wp\/v2\/media?parent=293"}],"curies":[{"name":"wp","href":"https:\/\/api.w.org\/{rel}","templated":true}]}}