{"id":247,"date":"2017-04-27T13:09:42","date_gmt":"2017-04-27T13:09:42","guid":{"rendered":"http:\/\/www.ecuavit.com\/web\/?page_id=247"},"modified":"2017-07-31T23:46:32","modified_gmt":"2017-07-31T23:46:32","slug":"preguntas","status":"publish","type":"page","link":"https:\/\/www.ecuavit.com\/web\/preguntas\/","title":{"rendered":"Preguntas"},"content":{"rendered":"<h1>Preguntas Frecuentes\u00a0FAQS<\/h1>\n<ul>\n<li><b><\/b><b>De qu\u00e9 medida es el vidrio?<\/b><\/li>\n<\/ul>\n<p>Industrias Ecuavit ofrece medidas desde:<\/p>\n<p>1800mm x 2600mm<\/p>\n<p>2140mm x 3300mm<\/p>\n<p>2440mm x 3600mm<\/p>\n<p>2500mm x 3600mm<\/p>\n<p>2600mm x 3600mm<\/p>\n<p>2440mm x 3600mm<\/p>\n<p>2200mm x 3300mm<\/p>\n<p>Con espesores de 3mm, 4mm, 5mm, y 6mm.<\/p>\n<ul>\n<li><b><\/b><b>Es seguro el vidrio laminado?<\/b><\/li>\n<\/ul>\n<p>El vidrio laminado de Industrias Ecuavit es considerado el vidrio seguro por excelencia. Garantiza protecci\u00f3n, al romperse los trozos del vidrio quedan adheridos a una inter l\u00e1mina de PVB polivinil de butiral de gran resistencia, muy dif\u00edcil de atravesar.<\/p>\n<ul>\n<li><b><\/b><b>Las cotizaciones tienen alg\u00fan precio?<\/b><\/li>\n<\/ul>\n<p>Industrias Ecuavit no cobra por cotizaciones. Es un agrado para nosotros poder responder todo tipo de preguntas sin costo alguno.<\/p>\n<ul>\n<li><b><\/b><b>Qu\u00e9 tipo de vidrio ofrecemos?<\/b><\/li>\n<\/ul>\n<p>Industrias Ecuavit ofrece vidrio de seguridad plano y curvo. Laminado con PVB claro, colores, transl\u00facido, sound control, sentryglass, diamond white y m\u00e1s.<\/p>\n<ul>\n<li><b><\/b><b>Qu\u00e9 grosor de vidrio laminado es recomendado?<\/b><\/li>\n<\/ul>\n<p>Dependiendo su uso. Para construcciones 2140mm x 3300mm y 2600mm x 3600mm. Para veh\u00edculos, 1800mm x 2600mm y 2400mm x 3600mm.\u00a0 Esto depende del uso donde vaya hacer administrado y al gusto del cliente.<\/p>\n<ul>\n<li><b><\/b><b>Es recomendado el vidrio laminado?<\/b><\/li>\n<\/ul>\n<p>Absolutamente el vidrio laminado es recomendado por su seguridad.<\/p>\n<ul>\n<li><strong>Tiene alguna otra pregunta? Cont\u00e1ctenos Ahora<\/strong><\/li>\n<\/ul>\n","protected":false},"excerpt":{"rendered":"<p>Preguntas Frecuentes\u00a0FAQS De qu\u00e9 medida es el vidrio? Industrias Ecuavit ofrece medidas desde: 1800mm x 2600mm 2140mm x 3300mm 2440mm x 3600mm 2500mm x 3600mm 2600mm x 3600mm 2440mm x 3600mm 2200mm x 3300mm Con espesores de 3mm, 4mm, 5mm, y 6mm. Es seguro el vidrio laminado? El vidrio laminado de Industrias Ecuavit es considerado [&hellip;]<\/p>\n","protected":false},"author":1,"featured_media":0,"parent":0,"menu_order":0,"comment_status":"closed","ping_status":"closed","template":"","meta":{"two_page_speed":[],"_joinchat":[],"footnotes":""},"class_list":["post-247","page","type-page","status-publish","hentry"],"_links":{"self":[{"href":"https:\/\/www.ecuavit.com\/web\/wp-json\/wp\/v2\/pages\/247","targetHints":{"allow":["GET"]}}],"collection":[{"href":"https:\/\/www.ecuavit.com\/web\/wp-json\/wp\/v2\/pages"}],"about":[{"href":"https:\/\/www.ecuavit.com\/web\/wp-json\/wp\/v2\/types\/page"}],"author":[{"embeddable":true,"href":"https:\/\/www.ecuavit.com\/web\/wp-json\/wp\/v2\/users\/1"}],"replies":[{"embeddable":true,"href":"https:\/\/www.ecuavit.com\/web\/wp-json\/wp\/v2\/comments?post=247"}],"version-history":[{"count":6,"href":"https:\/\/www.ecuavit.com\/web\/wp-json\/wp\/v2\/pages\/247\/revisions"}],"predecessor-version":[{"id":470,"href":"https:\/\/www.ecuavit.com\/web\/wp-json\/wp\/v2\/pages\/247\/revisions\/470"}],"wp:attachment":[{"href":"https:\/\/www.ecuavit.com\/web\/wp-json\/wp\/v2\/media?parent=247"}],"curies":[{"name":"wp","href":"https:\/\/api.w.org\/{rel}","templated":true}]}}