{"id":16,"date":"2016-10-13T16:31:07","date_gmt":"2016-10-13T16:31:07","guid":{"rendered":"http:\/\/www.ecuavit.com\/web\/?page_id=16"},"modified":"2017-07-20T20:39:40","modified_gmt":"2017-07-20T20:39:40","slug":"somos","status":"publish","type":"page","link":"https:\/\/www.ecuavit.com\/web\/somos\/","title":{"rendered":"Somos"},"content":{"rendered":"<p><a href=\"http:\/\/www.ecuavit.com\/web\/wp-content\/uploads\/2016\/10\/healthsystems-blueglassbuildings1.jpg\"><img loading=\"lazy\" decoding=\"async\" class=\"alignnone  wp-image-181\" src=\"http:\/\/www.ecuavit.com\/web\/wp-content\/uploads\/2016\/10\/healthsystems-blueglassbuildings1.jpg\" alt=\"healthsystems-blueglassbuildings1\" width=\"585\" height=\"390\" srcset=\"https:\/\/www.ecuavit.com\/web\/wp-content\/uploads\/2016\/10\/healthsystems-blueglassbuildings1.jpg 1000w, https:\/\/www.ecuavit.com\/web\/wp-content\/uploads\/2016\/10\/healthsystems-blueglassbuildings1-300x200.jpg 300w, https:\/\/www.ecuavit.com\/web\/wp-content\/uploads\/2016\/10\/healthsystems-blueglassbuildings1-768x512.jpg 768w\" sizes=\"auto, (max-width: 585px) 100vw, 585px\" \/><\/a><\/p>\n<p style=\"text-align: justify;\"><span style=\"color: #000000;\">A trav\u00e9s del tiempo el cristal ha simbolizado la aspiraci\u00f3n de los humanos por la transparencia y sus m\u00faltiples simbolismos como pureza, perfecci\u00f3n, nitidez.<\/span><\/p>\n<p style=\"text-align: justify;\"><span style=\"color: #000000;\">Ecuavit industria ecuatoriana, siempre a la vanguardia de los procesos de transformaci\u00f3n del vidrio, hoy tiene el orgullo de presentar la m\u00e1s\u00a0moderna planta de la regi\u00f3n localizada al norte de Quito con un \u00e1rea de 3000 m2.\u00a0en donde se funden:\u00a0la experiencia, la capacidad y el conocimiento para fabricar todo tipo de vidrio laminado lo que nos permite crear\u00a0una amplia gama de productos que ponen alas a sus proyectos.<\/span><\/p>\n<p style=\"text-align: justify;\"><span style=\"color: #000000;\">La versatilidad de nuestro equipo nos\u00a0convierte en el socio estrat\u00e9gico ideal para que usted afronte un proyecto de construcci\u00f3n o simplemente una l\u00e1mina.<\/span><\/p>\n<p style=\"text-align: justify;\"><span style=\"color: #000000;\">Por d\u00e9cadas hemos alcanzado y superado las expectativas de nuestros clientes. Nuestros productos tienen precios competitivos, al alcance de su presupuesto<b> <\/b>y son entregados a tiempo.<\/span><\/p>\n<p style=\"text-align: justify;\"><span style=\"color: #000000;\">Industrias Ecuavit se preocupa del bienestar de nuestros clientes ofreci\u00e9ndoles el mejor servicio de atenci\u00f3n.<\/span><\/p>\n<p style=\"text-align: justify;\"><img loading=\"lazy\" decoding=\"async\" class=\"alignnone size-full wp-image-240\" src=\"http:\/\/www.ecuavit.com\/web\/wp-content\/uploads\/2017\/04\/grupo02.jpg\" alt=\"grupo02\" width=\"800\" height=\"533\" srcset=\"https:\/\/www.ecuavit.com\/web\/wp-content\/uploads\/2017\/04\/grupo02.jpg 800w, https:\/\/www.ecuavit.com\/web\/wp-content\/uploads\/2017\/04\/grupo02-300x200.jpg 300w, https:\/\/www.ecuavit.com\/web\/wp-content\/uploads\/2017\/04\/grupo02-768x512.jpg 768w\" sizes=\"auto, (max-width: 800px) 100vw, 800px\" \/><\/p>\n<p>&nbsp;<\/p>\n","protected":false},"excerpt":{"rendered":"<p>A trav\u00e9s del tiempo el cristal ha simbolizado la aspiraci\u00f3n de los humanos por la transparencia y sus m\u00faltiples simbolismos como pureza, perfecci\u00f3n, nitidez. Ecuavit industria ecuatoriana, siempre a la vanguardia de los procesos de transformaci\u00f3n del vidrio, hoy tiene el orgullo de presentar la m\u00e1s\u00a0moderna planta de la regi\u00f3n localizada al norte de Quito [&hellip;]<\/p>\n","protected":false},"author":1,"featured_media":0,"parent":0,"menu_order":0,"comment_status":"closed","ping_status":"closed","template":"","meta":{"two_page_speed":[],"_joinchat":[],"footnotes":""},"class_list":["post-16","page","type-page","status-publish","hentry"],"_links":{"self":[{"href":"https:\/\/www.ecuavit.com\/web\/wp-json\/wp\/v2\/pages\/16","targetHints":{"allow":["GET"]}}],"collection":[{"href":"https:\/\/www.ecuavit.com\/web\/wp-json\/wp\/v2\/pages"}],"about":[{"href":"https:\/\/www.ecuavit.com\/web\/wp-json\/wp\/v2\/types\/page"}],"author":[{"embeddable":true,"href":"https:\/\/www.ecuavit.com\/web\/wp-json\/wp\/v2\/users\/1"}],"replies":[{"embeddable":true,"href":"https:\/\/www.ecuavit.com\/web\/wp-json\/wp\/v2\/comments?post=16"}],"version-history":[{"count":8,"href":"https:\/\/www.ecuavit.com\/web\/wp-json\/wp\/v2\/pages\/16\/revisions"}],"predecessor-version":[{"id":379,"href":"https:\/\/www.ecuavit.com\/web\/wp-json\/wp\/v2\/pages\/16\/revisions\/379"}],"wp:attachment":[{"href":"https:\/\/www.ecuavit.com\/web\/wp-json\/wp\/v2\/media?parent=16"}],"curies":[{"name":"wp","href":"https:\/\/api.w.org\/{rel}","templated":true}]}}