{"id":14,"date":"2016-10-13T16:30:24","date_gmt":"2016-10-13T16:30:24","guid":{"rendered":"http:\/\/www.ecuavit.com\/web\/?page_id=14"},"modified":"2019-05-22T16:12:20","modified_gmt":"2019-05-22T16:12:20","slug":"contacto","status":"publish","type":"page","link":"https:\/\/www.ecuavit.com\/web\/contacto\/","title":{"rendered":"Contacto"},"content":{"rendered":"<section class=\"home-section home-page-secion-contacto\" style=\"padding-top: 50px; padding-bottom: 50px;\">\n<div class=\"container\">\n<div class=\"col-md-6\">\n<div id=\"meris_home_contact-4\" class=\"widget home_widget_contact\">\n<div class=\"contact\">\n<h2 class=\"module-title-contacto\">Contactos<\/h2>\n<form class=\"contact-form AVAST_PAM_nonloginform\" action=\"http:\/\/www.ecuavit.com\/web\/\" method=\"post\">\n<fieldset>\n<section><label class=\"sr-only\" for=\"contact-name\">Name<\/label> <input id=\"contact-name\" tabindex=\"1\" name=\"contact-name\" required=\"\" type=\"text\" placeholder=\"*Nombre y Apellido\" \/><\/section>\n<section><label class=\"sr-only\" for=\"contact-email\">Email<\/label> <input id=\"contact-email\" tabindex=\"2\" name=\"contact-email\" required=\"\" type=\"email\" placeholder=\"*Correo\" \/><\/section>\n<section><label class=\"sr-only\" for=\"contact-msg\">Message<\/label> <textarea id=\"contact-msg\" tabindex=\"3\" cols=\"39\" name=\"contact-msg\" rows=\"5\" placeholder=\"*Mensaje\"><\/textarea><\/section>\n<\/fieldset>\n<section>\n<div id=\"loading\"><\/div>\n<p><input type=\"submit\" value=\"Enviar\" \/><\/p>\n<div id=\"reset\"><\/div>\n<p><input type=\"reset\" value=\"Limpiar\" \/><\/p>\n<\/section>\n<\/form>\n<\/div>\n<\/div>\n<div id=\"meris_sidebar_social-2\" class=\"widget meris_sidebar_social\">\n<div class=\"widget-sns\">\n<h2 class=\"module-title-contacto\"><\/h2>\n<\/div>\n<\/div>\n<\/div>\n<div class=\"col-md-6\">\n<div id=\"text-13\" class=\"widget widget_text\">\n<div class=\"textwidget\">\n<div style=\"text-align: center;\">\n<p><iframe loading=\"lazy\" style=\"border-radius: 10px; border: solid 1px #053993;\" src=\"https:\/\/www.google.com\/maps\/embed?pb=!1m18!1m12!1m3!1d3989.8114097545663!2d-78.4974046857303!3d-0.10663963550566248!2m3!1f0!2f0!3f0!3m2!1i1024!2i768!4f13.1!3m3!1m2!1s0x0%3A0x0!2zMMKwMDYnMjMuOSJTIDc4wrAyOSc0Mi44Ilc!5e0!3m2!1ses!2sec!4v1480095616441\" width=\"400\" height=\"200\" frameborder=\"0\" allowfullscreen=\"allowfullscreen\"><\/iframe><\/p>\n<h2 class=\"module-title-contacto\" style=\"margin-left: 25%;\">Direcci\u00f3n<\/h2>\n<div class=\"texto-direccion\">F\u00e1brica: Fernando Daquilema N70-70<br \/>\nentre Pablo Picasso y Juli\u00e1n Quito,<br \/>\nSector El Condado<br \/>\nTel\u00e9fonos: 02-2491 354<br \/>\n0998023100 Movi<br \/>\n0998476364 Claro<br \/>\nE-mail: ventas@ecuavit.com<\/div>\n<\/div>\n<\/div>\n<\/div>\n<\/div>\n<div class=\"clear\"><\/div>\n<\/div>\n<\/section>\n","protected":false},"excerpt":{"rendered":"<p>Contactos Name Email Message Direcci\u00f3n F\u00e1brica: Fernando Daquilema N70-70 entre Pablo Picasso y Juli\u00e1n Quito, Sector El Condado Tel\u00e9fonos: 02-2491 354 0998023100 Movi 0998476364 Claro E-mail: ventas@ecuavit.com<\/p>\n","protected":false},"author":1,"featured_media":0,"parent":0,"menu_order":0,"comment_status":"closed","ping_status":"closed","template":"","meta":{"two_page_speed":[],"_joinchat":[],"footnotes":""},"class_list":["post-14","page","type-page","status-publish","hentry"],"_links":{"self":[{"href":"https:\/\/www.ecuavit.com\/web\/wp-json\/wp\/v2\/pages\/14","targetHints":{"allow":["GET"]}}],"collection":[{"href":"https:\/\/www.ecuavit.com\/web\/wp-json\/wp\/v2\/pages"}],"about":[{"href":"https:\/\/www.ecuavit.com\/web\/wp-json\/wp\/v2\/types\/page"}],"author":[{"embeddable":true,"href":"https:\/\/www.ecuavit.com\/web\/wp-json\/wp\/v2\/users\/1"}],"replies":[{"embeddable":true,"href":"https:\/\/www.ecuavit.com\/web\/wp-json\/wp\/v2\/comments?post=14"}],"version-history":[{"count":5,"href":"https:\/\/www.ecuavit.com\/web\/wp-json\/wp\/v2\/pages\/14\/revisions"}],"predecessor-version":[{"id":487,"href":"https:\/\/www.ecuavit.com\/web\/wp-json\/wp\/v2\/pages\/14\/revisions\/487"}],"wp:attachment":[{"href":"https:\/\/www.ecuavit.com\/web\/wp-json\/wp\/v2\/media?parent=14"}],"curies":[{"name":"wp","href":"https:\/\/api.w.org\/{rel}","templated":true}]}}